{"id":3309,"date":"2020-01-20T16:10:45","date_gmt":"2020-01-20T16:10:45","guid":{"rendered":"https:\/\/pleaseproductions.com\/?page_id=3309"},"modified":"2026-04-29T13:33:35","modified_gmt":"2026-04-29T13:33:35","slug":"about-us-2","status":"publish","type":"page","link":"https:\/\/pleaseproductions.com\/?page_id=3309","title":{"rendered":"ABOUT US"},"content":{"rendered":"<div  class=\"tatsu-icnypp8u5vedpdny tatsu-section  tatsu-bg-overlay   tatsu-clearfix\" data-title=\"\"  data-headerscheme=\"background--dark\"><div class='tatsu-section-pad clearfix' data-padding='{\"d\":\"90px 0% 90px 0%\"}' data-padding-top='90px'><div class=\"tatsu-row-wrap  tatsu-wrap tatsu-row-one-col tatsu-row-has-one-cols tatsu-medium-gutter tatsu-reg-cols  tatsu-clearfix tatsu-icnypp8u776855tk\" ><div  class=\"tatsu-row \" ><div  class=\"tatsu-column  tatsu-bg-overlay tatsu-one-col tatsu-column-image-none tatsu-column-effect-none  tatsu-icnypp8u8qfjl9xk\"  data-parallax-speed=\"0\" style=\"\"><div class=\"tatsu-column-inner \" ><div class=\"tatsu-column-pad-wrap\"><div class=\"tatsu-column-pad\" ><div  class=\"tatsu-module tatsu-text-block-wrap tatsu-icnypp8u9vajc1f2  \"><div class=\"tatsu-text-inner tatsu-align-center  clearfix\" ><style>.tatsu-icnypp8u9vajc1f2.tatsu-text-block-wrap .tatsu-text-inner{text-align: left;}<\/style>\n<p><span style=\"font-size: 14pt;\">Hej,<\/span><\/p>\n<div class=\"page\" title=\"Page 2\">\n<div class=\"layoutArea\">\n<div class=\"column\">\n<div class=\"page\" title=\"Page 2\">\n<div class=\"layoutArea\">\n<div class=\"column\">\n<div class=\"page\" title=\"Page 2\">\n<div class=\"layoutArea\">\n<div class=\"column\">\n<p class=\"cvGsUA direction-ltr align-start para-style-body\"><span style=\"font-size: 14pt;\"><span class=\"a_GcMg font-feature-liga-off font-feature-clig-off font-feature-calt-off text-decoration-none text-strikethrough-none\">Jeste\u015bmy domem produkcyjnym z wieloletnim do\u015bwiadczeniem w szeroko poj\u0119tej bran\u017cy reklamowej.<br \/><\/span><span class=\"a_GcMg font-feature-liga-off font-feature-clig-off font-feature-calt-off text-decoration-none text-strikethrough-none\">Odnajdujemy si\u0119 w ka\u017cdym formacie foto-video, od prostych, szybkich realizacji na SoMe po du\u017ce, wymagaj\u0105ce kampanie. Mamy elastyczne podej\u015bcie, w zale\u017cno\u015bci od potrzeb projektu.<\/span><\/span><\/p>\n<p class=\"cvGsUA direction-ltr align-start para-style-body\"><span class=\"a_GcMg font-feature-liga-off font-feature-clig-off font-feature-calt-off text-decoration-none text-strikethrough-none\" style=\"font-size: 14pt;\">Nasz\u0105 supermoc\u0105 jest tempo dzia\u0142ania, przechodzimy do konkret\u00f3w szybciej, ni\u017c zd\u0105\u017cysz napisa\u0107 &#8216;ASAP&#8217; w mailu \ud83d\ude09<\/span><\/p>\n<\/div>\n<\/div>\n<\/div>\n<\/div>\n<\/div>\n<\/div>\n<\/div>\n<\/div>\n<\/div>\n<p><span style=\"font-size: 14pt;\">Team PLEASE Productions<\/span><\/p>\n<p>Zaufali nam m. in.:<\/p>\n<p><a href=\"https:\/\/pleaseproductions.com\/wp-content\/uploads\/2020\/01\/McD_logo01.jpg\"><img loading=\"lazy\" decoding=\"async\" class=\"alignnone size-medium wp-image-3928\" src=\"https:\/\/pleaseproductions.com\/wp-content\/uploads\/2020\/01\/McD_logo01.jpg\" alt=\"McD_logo01\" width=\"160\" height=\"160\" srcset=\"https:\/\/pleaseproductions.com\/wp-content\/uploads\/2020\/01\/McD_logo01.jpg 160w, https:\/\/pleaseproductions.com\/wp-content\/uploads\/2020\/01\/McD_logo01-150x150.jpg 150w\" sizes=\"auto, (max-width: 160px) 100vw, 160px\" \/><\/a><a href=\"https:\/\/pleaseproductions.com\/wp-content\/uploads\/2024\/02\/acw_logo.jpg\"><img loading=\"lazy\" decoding=\"async\" class=\"alignnone size-full wp-image-3829\" src=\"https:\/\/pleaseproductions.com\/wp-content\/uploads\/2024\/02\/adidas_logo.jpg\" alt=\"adidas_logo\" width=\"160\" height=\"160\" srcset=\"https:\/\/pleaseproductions.com\/wp-content\/uploads\/2024\/02\/adidas_logo.jpg 160w, https:\/\/pleaseproductions.com\/wp-content\/uploads\/2024\/02\/adidas_logo-150x150.jpg 150w\" sizes=\"auto, (max-width: 160px) 100vw, 160px\" \/><img loading=\"lazy\" decoding=\"async\" class=\"alignnone size-medium wp-image-3835\" src=\"https:\/\/pleaseproductions.com\/wp-content\/uploads\/2024\/02\/lacoste_logo.jpg\" alt=\"lacoste_logo\" width=\"160\" height=\"160\" srcset=\"https:\/\/pleaseproductions.com\/wp-content\/uploads\/2024\/02\/lacoste_logo.jpg 160w, https:\/\/pleaseproductions.com\/wp-content\/uploads\/2024\/02\/lacoste_logo-150x150.jpg 150w\" sizes=\"auto, (max-width: 160px) 100vw, 160px\" \/><img loading=\"lazy\" decoding=\"async\" class=\"alignnone size-medium wp-image-3831\" src=\"https:\/\/pleaseproductions.com\/wp-content\/uploads\/2024\/02\/DIESEL_logo.jpg\" alt=\"DIESEL_logo\" width=\"160\" height=\"160\" srcset=\"https:\/\/pleaseproductions.com\/wp-content\/uploads\/2024\/02\/DIESEL_logo.jpg 160w, https:\/\/pleaseproductions.com\/wp-content\/uploads\/2024\/02\/DIESEL_logo-150x150.jpg 150w\" sizes=\"auto, (max-width: 160px) 100vw, 160px\" \/><img loading=\"lazy\" decoding=\"async\" class=\"alignnone size-medium wp-image-3832\" src=\"https:\/\/pleaseproductions.com\/wp-content\/uploads\/2024\/02\/disney_logo.jpg\" alt=\"disney_logo\" width=\"160\" height=\"160\" srcset=\"https:\/\/pleaseproductions.com\/wp-content\/uploads\/2024\/02\/disney_logo.jpg 160w, https:\/\/pleaseproductions.com\/wp-content\/uploads\/2024\/02\/disney_logo-150x150.jpg 150w\" sizes=\"auto, (max-width: 160px) 100vw, 160px\" \/><\/a><a href=\"https:\/\/pleaseproductions.com\/wp-content\/uploads\/2020\/01\/4F_logo01.jpg\"><img loading=\"lazy\" decoding=\"async\" class=\"alignnone size-full wp-image-3927\" src=\"https:\/\/pleaseproductions.com\/wp-content\/uploads\/2020\/01\/4F_logo01.jpg\" alt=\"4F_logo01\" width=\"160\" height=\"160\" srcset=\"https:\/\/pleaseproductions.com\/wp-content\/uploads\/2020\/01\/4F_logo01.jpg 160w, https:\/\/pleaseproductions.com\/wp-content\/uploads\/2020\/01\/4F_logo01-150x150.jpg 150w\" sizes=\"auto, (max-width: 160px) 100vw, 160px\" \/><\/a><a href=\"https:\/\/pleaseproductions.com\/wp-content\/uploads\/2024\/02\/acw_logo.jpg\"><img loading=\"lazy\" decoding=\"async\" class=\"alignnone size-medium wp-image-3833\" src=\"https:\/\/pleaseproductions.com\/wp-content\/uploads\/2024\/02\/elle_logo.jpg\" alt=\"elle_logo\" width=\"160\" height=\"160\" srcset=\"https:\/\/pleaseproductions.com\/wp-content\/uploads\/2024\/02\/elle_logo.jpg 160w, https:\/\/pleaseproductions.com\/wp-content\/uploads\/2024\/02\/elle_logo-150x150.jpg 150w\" sizes=\"auto, (max-width: 160px) 100vw, 160px\" \/><img loading=\"lazy\" decoding=\"async\" class=\"alignnone size-full wp-image-3841\" src=\"https:\/\/pleaseproductions.com\/wp-content\/uploads\/2024\/02\/UEFA_CHL_logo.jpg\" alt=\"UEFA_CHL_logo\" width=\"160\" height=\"160\" srcset=\"https:\/\/pleaseproductions.com\/wp-content\/uploads\/2024\/02\/UEFA_CHL_logo.jpg 160w, https:\/\/pleaseproductions.com\/wp-content\/uploads\/2024\/02\/UEFA_CHL_logo-150x150.jpg 150w\" sizes=\"auto, (max-width: 160px) 100vw, 160px\" \/><img loading=\"lazy\" decoding=\"async\" class=\"alignnone size-medium wp-image-3334\" src=\"https:\/\/pleaseproductions.com\/wp-content\/uploads\/2020\/01\/mtv_logo1-e1579539513127.jpg\" alt=\"mtv_logo\" width=\"160\" height=\"160\" \/><img loading=\"lazy\" decoding=\"async\" class=\"alignnone size-medium wp-image-3830\" src=\"https:\/\/pleaseproductions.com\/wp-content\/uploads\/2024\/02\/converse_logo.jpg\" alt=\"converse_logo\" width=\"160\" height=\"160\" srcset=\"https:\/\/pleaseproductions.com\/wp-content\/uploads\/2024\/02\/converse_logo.jpg 160w, https:\/\/pleaseproductions.com\/wp-content\/uploads\/2024\/02\/converse_logo-150x150.jpg 150w\" sizes=\"auto, (max-width: 160px) 100vw, 160px\" \/><img loading=\"lazy\" decoding=\"async\" class=\"alignnone size-medium wp-image-3842\" src=\"https:\/\/pleaseproductions.com\/wp-content\/uploads\/2020\/01\/perla_logo1.jpg\" alt=\"perla_logo\" width=\"160\" height=\"160\" srcset=\"https:\/\/pleaseproductions.com\/wp-content\/uploads\/2020\/01\/perla_logo1.jpg 160w, https:\/\/pleaseproductions.com\/wp-content\/uploads\/2020\/01\/perla_logo1-150x150.jpg 150w\" sizes=\"auto, (max-width: 160px) 100vw, 160px\" \/><img loading=\"lazy\" decoding=\"async\" class=\"alignnone size-medium wp-image-3838\" src=\"https:\/\/pleaseproductions.com\/wp-content\/uploads\/2024\/02\/oppo_logo.jpg\" alt=\"oppo_logo\" width=\"160\" height=\"160\" srcset=\"https:\/\/pleaseproductions.com\/wp-content\/uploads\/2024\/02\/oppo_logo.jpg 160w, https:\/\/pleaseproductions.com\/wp-content\/uploads\/2024\/02\/oppo_logo-150x150.jpg 150w\" sizes=\"auto, (max-width: 160px) 100vw, 160px\" \/><img loading=\"lazy\" decoding=\"async\" class=\"alignnone size-medium wp-image-3839\" src=\"https:\/\/pleaseproductions.com\/wp-content\/uploads\/2024\/02\/pracuj_logo.jpg\" alt=\"pracuj_logo\" width=\"160\" height=\"160\" srcset=\"https:\/\/pleaseproductions.com\/wp-content\/uploads\/2024\/02\/pracuj_logo.jpg 160w, https:\/\/pleaseproductions.com\/wp-content\/uploads\/2024\/02\/pracuj_logo-150x150.jpg 150w\" sizes=\"auto, (max-width: 160px) 100vw, 160px\" \/><img loading=\"lazy\" decoding=\"async\" class=\"alignnone size-full wp-image-3828\" src=\"https:\/\/pleaseproductions.com\/wp-content\/uploads\/2024\/02\/acw_logo.jpg\" alt=\"acw_logo\" width=\"160\" height=\"160\" srcset=\"https:\/\/pleaseproductions.com\/wp-content\/uploads\/2024\/02\/acw_logo.jpg 160w, https:\/\/pleaseproductions.com\/wp-content\/uploads\/2024\/02\/acw_logo-150x150.jpg 150w\" sizes=\"auto, (max-width: 160px) 100vw, 160px\" \/><\/a><a href=\"https:\/\/pleaseproductions.com\/wp-content\/uploads\/2024\/02\/modivo_logo.jpg\"><img loading=\"lazy\" decoding=\"async\" class=\"alignnone size-medium wp-image-3837\" src=\"https:\/\/pleaseproductions.com\/wp-content\/uploads\/2024\/02\/modivo_logo.jpg\" alt=\"modivo_logo\" width=\"160\" height=\"160\" srcset=\"https:\/\/pleaseproductions.com\/wp-content\/uploads\/2024\/02\/modivo_logo.jpg 160w, https:\/\/pleaseproductions.com\/wp-content\/uploads\/2024\/02\/modivo_logo-150x150.jpg 150w\" sizes=\"auto, (max-width: 160px) 100vw, 160px\" \/><img loading=\"lazy\" decoding=\"async\" class=\"alignnone size-full wp-image-3345\" src=\"https:\/\/pleaseproductions.com\/wp-content\/uploads\/2020\/01\/vitkac_logo-e1579539457842.jpg\" alt=\"vitkac_logo\" width=\"160\" height=\"160\" \/><\/a><a href=\"https:\/\/pleaseproductions.com\/wp-content\/uploads\/2024\/02\/mn_logo.jpg\"><img loading=\"lazy\" decoding=\"async\" class=\"alignnone size-medium wp-image-3836\" src=\"https:\/\/pleaseproductions.com\/wp-content\/uploads\/2024\/02\/mn_logo.jpg\" alt=\"mn_logo\" width=\"160\" height=\"160\" srcset=\"https:\/\/pleaseproductions.com\/wp-content\/uploads\/2024\/02\/mn_logo.jpg 160w, https:\/\/pleaseproductions.com\/wp-content\/uploads\/2024\/02\/mn_logo-150x150.jpg 150w\" sizes=\"auto, (max-width: 160px) 100vw, 160px\" \/><\/a><a href=\"https:\/\/pleaseproductions.com\/wp-content\/uploads\/2024\/02\/eobuwie_logo.jpg\"><img loading=\"lazy\" decoding=\"async\" class=\"alignnone size-medium wp-image-3834\" src=\"https:\/\/pleaseproductions.com\/wp-content\/uploads\/2024\/02\/eobuwie_logo.jpg\" alt=\"eobuwie_logo\" width=\"160\" height=\"160\" srcset=\"https:\/\/pleaseproductions.com\/wp-content\/uploads\/2024\/02\/eobuwie_logo.jpg 160w, https:\/\/pleaseproductions.com\/wp-content\/uploads\/2024\/02\/eobuwie_logo-150x150.jpg 150w\" sizes=\"auto, (max-width: 160px) 100vw, 160px\" \/><\/a><a href=\"https:\/\/pleaseproductions.com\/wp-content\/uploads\/2020\/01\/vitkac_logo-e1579539457842.jpg\"><img loading=\"lazy\" decoding=\"async\" class=\"alignnone size-medium wp-image-3329\" src=\"https:\/\/pleaseproductions.com\/wp-content\/uploads\/2020\/01\/burn_logo1-e1579539551326.jpg\" alt=\"burn_logo\" width=\"160\" height=\"160\" \/><img loading=\"lazy\" decoding=\"async\" class=\"alignnone size-full wp-image-3392\" src=\"https:\/\/pleaseproductions.com\/wp-content\/uploads\/2020\/04\/lofficiel_logo.jpg\" alt=\"lofficiel_logo\" width=\"160\" height=\"160\" srcset=\"https:\/\/pleaseproductions.com\/wp-content\/uploads\/2020\/04\/lofficiel_logo.jpg 160w, https:\/\/pleaseproductions.com\/wp-content\/uploads\/2020\/04\/lofficiel_logo-150x150.jpg 150w\" sizes=\"auto, (max-width: 160px) 100vw, 160px\" \/><img loading=\"lazy\" decoding=\"async\" class=\"alignnone size-full wp-image-3330\" src=\"https:\/\/pleaseproductions.com\/wp-content\/uploads\/2020\/01\/comedy_central_logo1-e1579539544915.jpg\" alt=\"comedy_central_logo\" width=\"160\" height=\"160\" \/><img loading=\"lazy\" decoding=\"async\" class=\"alignnone size-medium wp-image-3336\" src=\"https:\/\/pleaseproductions.com\/wp-content\/uploads\/2020\/01\/prosto_logo1-e1579539504502.jpg\" alt=\"prosto_logo\" width=\"160\" height=\"160\" \/><img loading=\"lazy\" decoding=\"async\" class=\"alignnone size-medium wp-image-3337\" src=\"https:\/\/pleaseproductions.com\/wp-content\/uploads\/2020\/01\/sbm_logo1-e1579539496425.jpg\" alt=\"sbm_logo\" width=\"160\" height=\"160\" \/><\/a>\u00a0\u00a0<a href=\"https:\/\/pleaseproductions.com\/wp-content\/uploads\/2020\/01\/walk_logo1-e1579539484724.jpg\"><img loading=\"lazy\" decoding=\"async\" class=\"alignnone size-medium wp-image-3340\" src=\"https:\/\/pleaseproductions.com\/wp-content\/uploads\/2020\/01\/walk_logo1-e1579539484724.jpg\" alt=\"walk_logo\" width=\"160\" height=\"160\" \/><\/a><\/p>\n<p>\u00a0<\/p>\n<\/div><\/div><\/div><\/div><div class = \"tatsu-column-bg-image-wrap\"><div class = \"tatsu-column-bg-image\" ><\/div><\/div><div class=\"tatsu-overlay tatsu-column-overlay tatsu-animate-none\" ><\/div><\/div><style>.tatsu-row > .tatsu-icnypp8u8qfjl9xk.tatsu-column{width: 100%;}.tatsu-icnypp8u8qfjl9xk.tatsu-column > .tatsu-column-inner > .tatsu-column-overlay{mix-blend-mode: normal;}.tatsu-icnypp8u8qfjl9xk > .tatsu-column-inner > .tatsu-top-divider{z-index: 9999;}.tatsu-icnypp8u8qfjl9xk > .tatsu-column-inner > .tatsu-bottom-divider{z-index: 9999;}.tatsu-icnypp8u8qfjl9xk > .tatsu-column-inner > .tatsu-left-divider{z-index: 9999;}.tatsu-icnypp8u8qfjl9xk > .tatsu-column-inner > .tatsu-right-divider{z-index: 9999;}<\/style><\/div><\/div><\/div><\/div><div class=\"tatsu-section-background-wrap\"><div class = \"tatsu-section-background\" ><\/div><\/div><div class=\"tatsu-overlay tatsu-section-overlay\"><\/div><style>.tatsu-icnypp8u5vedpdny .tatsu-section-pad{padding: 90px 0% 90px 0%;}.tatsu-icnypp8u5vedpdny > .tatsu-bottom-divider{z-index: 9999;}.tatsu-icnypp8u5vedpdny > .tatsu-top-divider{z-index: 9999;}.tatsu-icnypp8u5vedpdny .tatsu-section-overlay{mix-blend-mode: normal;}<\/style><\/div>\n","protected":false},"excerpt":{"rendered":"<p><a href=\"https:\/\/pleaseproductions.com\/?page_id=3309\" class=\"more-link style1-button\">Read More<\/a><\/p>","protected":false},"author":1,"featured_media":0,"parent":0,"menu_order":0,"comment_status":"open","ping_status":"open","template":"","meta":{"footnotes":""},"class_list":["post-3309","page","type-page","status-publish","hentry"],"jetpack_sharing_enabled":true,"_links":{"self":[{"href":"https:\/\/pleaseproductions.com\/index.php?rest_route=\/wp\/v2\/pages\/3309","targetHints":{"allow":["GET"]}}],"collection":[{"href":"https:\/\/pleaseproductions.com\/index.php?rest_route=\/wp\/v2\/pages"}],"about":[{"href":"https:\/\/pleaseproductions.com\/index.php?rest_route=\/wp\/v2\/types\/page"}],"author":[{"embeddable":true,"href":"https:\/\/pleaseproductions.com\/index.php?rest_route=\/wp\/v2\/users\/1"}],"replies":[{"embeddable":true,"href":"https:\/\/pleaseproductions.com\/index.php?rest_route=%2Fwp%2Fv2%2Fcomments&post=3309"}],"version-history":[{"count":6,"href":"https:\/\/pleaseproductions.com\/index.php?rest_route=\/wp\/v2\/pages\/3309\/revisions"}],"predecessor-version":[{"id":3961,"href":"https:\/\/pleaseproductions.com\/index.php?rest_route=\/wp\/v2\/pages\/3309\/revisions\/3961"}],"wp:attachment":[{"href":"https:\/\/pleaseproductions.com\/index.php?rest_route=%2Fwp%2Fv2%2Fmedia&parent=3309"}],"curies":[{"name":"wp","href":"https:\/\/api.w.org\/{rel}","templated":true}]}}